{"id":1218,"date":"2021-12-13T19:48:04","date_gmt":"2021-12-13T19:48:04","guid":{"rendered":"https:\/\/new.pag-tech.ch\/fr\/?page_id=1218"},"modified":"2022-02-17T10:08:06","modified_gmt":"2022-02-17T10:08:06","slug":"desinfektion122","status":"publish","type":"page","link":"https:\/\/pag-tech.ch\/fr\/desinfektion122\/","title":{"rendered":"DESINFEKTION122"},"content":{"rendered":"<p>[et_pb_section fb_built=&#8220;1&#8243; _builder_version=&#8220;4.14.1&#8243; _module_preset=&#8220;default&#8220; background_enable_color=&#8220;off&#8220; background_enable_image=&#8220;off&#8220; global_colors_info=&#8220;{}&#8220;][et_pb_row column_structure=&#8220;1_4,1_2,1_4&#8243; _builder_version=&#8220;4.14.1&#8243; _module_preset=&#8220;default&#8220; background_color=&#8220;#FFE600&#8243; custom_margin=&#8220;10px||||false|false&#8220; global_colors_info=&#8220;{}&#8220;][et_pb_column type=&#8220;1_4&#8243; _builder_version=&#8220;4.14.1&#8243; _module_preset=&#8220;default&#8220; global_colors_info=&#8220;{}&#8220;][et_pb_image src=&#8220;https:\/\/pag-tech.ch\/fr\/wp-content\/uploads\/sites\/8\/2022\/01\/GERMEX_MANO.jpg&#8220; title_text=&#8220;GERMEX_MANO&#8220; _builder_version=&#8220;4.14.6&#8243; _module_preset=&#8220;default&#8220; border_width_left=&#8220;30px&#8220; border_color_left=&#8220;#FFE600&#8243; global_colors_info=&#8220;{}&#8220;][\/et_pb_image][et_pb_image src=&#8220;https:\/\/pag-tech.ch\/fr\/wp-content\/uploads\/sites\/8\/2022\/01\/GERMEX1.jpg&#8220; title_text=&#8220;GERMEX1&#8243; _builder_version=&#8220;4.14.7&#8243; _module_preset=&#8220;default&#8220; border_color_all=&#8220;RGBA(255,255,255,0)&#8220; border_width_bottom=&#8220;20px&#8220; border_width_left=&#8220;30px&#8220; global_colors_info=&#8220;{}&#8220;][\/et_pb_image][\/et_pb_column][et_pb_column type=&#8220;1_2&#8243; _builder_version=&#8220;4.14.1&#8243; _module_preset=&#8220;default&#8220; global_colors_info=&#8220;{}&#8220;][et_pb_text _builder_version=&#8220;4.14.7&#8243; _module_preset=&#8220;default&#8220; background_color=&#8220;RGBA(255,255,255,0)&#8220; custom_margin=&#8220;|||-56px|false|false&#8220; hover_enabled=&#8220;0&#8243; border_color_all=&#8220;RGBA(255,255,255,0)&#8220; border_width_left=&#8220;30px&#8220; global_colors_info=&#8220;{}&#8220; sticky_enabled=&#8220;0&#8243;]<\/p>\n<p><strong>GERMEX MANO Flacon\u00a0\u00a0 <\/strong>D\u00e9sinfection hygi\u00e9nique des mains<\/p>\n<p>GERMEX mano est un produit pr\u00eat \u00e0 l&#8217;emploi servant \u00e0 la d\u00e9sinfection hygi\u00e9nique des mains. Efficace en 30 \u2013 60 secondes.<\/p>\n<p><strong>Domaine d&#8217;application<\/strong><br \/>Pour une d\u00e9sinfection hygi\u00e9nique des mains et pour une application g\u00e9n\u00e9rale prophylactique.<\/p>\n<p>Verser 3 ml de germex mano non dilu\u00e9 sur les mains, \u00e9ventuellement pr\u00e9alablement lav\u00e9es. Frotter \u00e9nergiquement les mains l&#8217;une contre l&#8217;autre durant 30 \u00e0 90 secondes. Frotter les bouts des doigts dans la paume de l&#8217;autre main et frotter les doigts entre eux.<\/p>\n<p>La d\u00e9sinfection des mains \u00e0 l&#8217;alcool constitue une sollicitation suppl\u00e9mentaire de la peau. Traiter p\u00e9riodiquement les mains avec un soin pour les mains adapt\u00e9.<\/p>\n<p><strong>Dur\u00e9e de vie: 5 ans Stockage:<\/strong> stocker \u00e0 temp\u00e9rature ambiante et ne jamais exposer au rayonnement direct du soleil. Valeur du pH (concentr\u00e9): environ 7 Composants\/principes actifs: 64 % d&#8217;\u00e9thanol et 8 % d&#8217;isopropanol (64 g d&#8217;\u00e9thanol\/100 g et 8 g d&#8217;isopropanol\/100 g). 70 Vol% Ethanol + 8.8 Vol% Propan-2-ol.<\/p>\n<p>[\/et_pb_text][\/et_pb_column][et_pb_column type=&#8220;1_4&#8243; _builder_version=&#8220;4.14.1&#8243; _module_preset=&#8220;default&#8220; global_colors_info=&#8220;{}&#8220;][et_pb_text _builder_version=&#8220;4.14.7&#8243; _module_preset=&#8220;default&#8220; hover_enabled=&#8220;0&#8243; global_colors_info=&#8220;{}&#8220; sticky_enabled=&#8220;0&#8243;]<\/p>\n<p><strong>1152 01<\/strong> \u00a0\u00a0\u00a0 (1 bo\u00eete)<br \/>\u00a0\u00a0\u00a0\u00a0\u00a0\u00a0\u00a0\u00a0\u00a0\u00a0\u00a0\u00a0\u00a0\u00a0\u00a0\u00a0\u00a0\u00a0\u00a0 (3 bo\u00eetes)<br \/>\u00a0\u00a0\u00a0\u00a0\u00a0\u00a0\u00a0\u00a0\u00a0\u00a0\u00a0\u00a0\u00a0\u00a0\u00a0\u00a0\u00a0\u00a0\u00a0 (10 bo\u00eetes)<br \/><strong>1152 1<\/strong> \u00a0\u00a0\u00a0\u00a0\u00a0\u00a0 (1 Bidon 5 ltr)<br \/>\u00a0\u00a0\u00a0\u00a0\u00a0\u00a0\u00a0\u00a0\u00a0\u00a0\u00a0\u00a0\u00a0\u00a0\u00a0\u00a0\u00a0\u00a0\u00a0 (3 Bidons 5 ltr)<br \/><strong>1152 2\u00a0\u00a0<\/strong> \u00a0\u00a0\u00a0\u00a0 (1 Bidon 10 ltr)<br \/>\u00a0\u00a0\u00a0\u00a0\u00a0\u00a0\u00a0\u00a0\u00a0\u00a0\u00a0\u00a0\u00a0\u00a0\u00a0\u00a0\u00a0\u00a0\u00a0 (3 Bidons 10 ltr)<br \/>\u00a0\u00a0\u00a0\u00a0\u00a0\u00a0\u00a0\u00a0\u00a0\u00a0\u00a0\u00a0\u00a0\u00a0\u00a0\u00a0\u00a0\u00a0\u00a0 (5 Bidons 10 ltr)<br \/>\u00a0\u00a0\u00a0\u00a0\u00a0\u00a0\u00a0\u00a0\u00a0\u00a0\u00a0\u00a0\u00a0\u00a0\u00a0\u00a0\u00a0\u00a0\u00a0 (10 Bidons 10 ltr)<\/p>\n<p>[\/et_pb_text][\/et_pb_column][\/et_pb_row][et_pb_row column_structure=&#8220;1_4,1_2,1_4&#8243; _builder_version=&#8220;4.14.1&#8243; _module_preset=&#8220;default&#8220; background_color=&#8220;#279fea&#8220; custom_margin=&#8220;10px||||false|false&#8220; global_colors_info=&#8220;{}&#8220;][et_pb_column type=&#8220;1_4&#8243; _builder_version=&#8220;4.14.1&#8243; _module_preset=&#8220;default&#8220; global_colors_info=&#8220;{}&#8220;][et_pb_image src=&#8220;https:\/\/pag-tech.ch\/fr\/wp-content\/uploads\/sites\/8\/2022\/01\/GERMEX_DESI1.jpg&#8220; title_text=&#8220;GERMEX_DESI1&#8243; _builder_version=&#8220;4.14.7&#8243; _module_preset=&#8220;default&#8220; border_color_all=&#8220;RGBA(255,255,255,0)&#8220; border_width_bottom=&#8220;20px&#8220; border_width_left=&#8220;30px&#8220; global_colors_info=&#8220;{}&#8220;][\/et_pb_image][\/et_pb_column][et_pb_column type=&#8220;1_2&#8243; _builder_version=&#8220;4.14.1&#8243; _module_preset=&#8220;default&#8220; global_colors_info=&#8220;{}&#8220;][et_pb_text _builder_version=&#8220;4.14.7&#8243; _module_preset=&#8220;default&#8220; background_color=&#8220;RGBA(255,255,255,0)&#8220; custom_margin=&#8220;|||-56px|false|false&#8220; hover_enabled=&#8220;0&#8243; border_color_all=&#8220;RGBA(255,255,255,0)&#8220; border_width_left=&#8220;30px&#8220; global_colors_info=&#8220;{}&#8220; sticky_enabled=&#8220;0&#8243;]<\/p>\n<p><span style=\"color: #000000;\"><strong>GERMEX DESI <\/strong>\u00a0 D\u00e9sinfection des surfaces<br \/><\/span><\/p>\n<p>PAG DESI: est un produit pr\u00eat \u00e0 l&#8217;emploi servant \u00e0 la d\u00e9sinfection des des surfaces. Efficace en 30 \u2013 60 secondes.<\/p>\n<p><strong>Domaine d&#8217;application:<\/strong> Appliquer mikrozidb AF liquid non dilu\u00e4 sur les objets et surfaces et laisser agir. Faire attention \u00e4 une humectation integrale. Application de 50 mVm2 maxi.<\/p>\n<p>Enlever \u00e4ventuellement les quantit\u00f6s de pr\u00e4paration exc\u00f6dentaires avec un essuie-main \u00e4 jeter. Ne pas traiter des mati\u00f6res plasti\u2022 ques tr\u00f6s sensibles aux alcools (ex.: vene acrylique)<\/p>\n<p><strong>Composition: 100 g contiennent:<\/strong> 25 g d ethanol (\u00e4 94 %), 35 g de propanol-1 Etiquetage selon les Directives-CE: RIO: Inflammable R41: Risque de l\u00f6sions ocuI\u00e4res graves R67: Linhalation de vapeurs peut provoquer somnolence et vertiges S23: Ne pas respirer les airosols S26: En cas de contact aves les yeux, lauer imm\u00e4diatement et abondamment avec de l&#8217;eau et consulter ur spbcialiste S39: Porter un appareil de protection des yeux\/du visage S51: Utiliser seulement dans des zones bien ventil\u00e4es.<\/p>\n<p>Sans ald\u00e4hyde Grunde efficactld en un temps extr\u00f6mement court S\u00f6che rapidement sars laisser de r\u00e4sidu.<\/p>\n<p>[\/et_pb_text][\/et_pb_column][et_pb_column type=&#8220;1_4&#8243; _builder_version=&#8220;4.14.1&#8243; _module_preset=&#8220;default&#8220; global_colors_info=&#8220;{}&#8220;][et_pb_text _builder_version=&#8220;4.14.7&#8243; _module_preset=&#8220;default&#8220; hover_enabled=&#8220;0&#8243; global_colors_info=&#8220;{}&#8220; sticky_enabled=&#8220;0&#8243;]<\/p>\n<p><strong>1152 8\u00a0<\/strong> \u00a0 (1 Bidon 10 ltr)<br \/>\u00a0\u00a0\u00a0\u00a0\u00a0\u00a0\u00a0\u00a0\u00a0\u00a0\u00a0\u00a0\u00a0\u00a0\u00a0 (3 Bidons 10 ltr)<\/p>\n<p>[\/et_pb_text][\/et_pb_column][\/et_pb_row][\/et_pb_section]<\/p>\n","protected":false},"excerpt":{"rendered":"<p>GERMEX MANO Flacon\u00a0\u00a0 D\u00e9sinfection hygi\u00e9nique des mains GERMEX mano est un produit pr\u00eat \u00e0 l&#8217;emploi servant \u00e0 la d\u00e9sinfection hygi\u00e9nique des mains. Efficace en 30 \u2013 60 secondes. Domaine d&#8217;applicationPour une d\u00e9sinfection hygi\u00e9nique des mains et pour une application g\u00e9n\u00e9rale prophylactique. Verser 3 ml de germex mano non dilu\u00e9 sur les mains, \u00e9ventuellement pr\u00e9alablement lav\u00e9es. [&hellip;]<\/p>\n","protected":false},"author":1,"featured_media":0,"parent":0,"menu_order":0,"comment_status":"closed","ping_status":"closed","template":"","meta":{"_et_pb_use_builder":"on","_et_pb_old_content":"","_et_gb_content_width":"","footnotes":""},"_links":{"self":[{"href":"https:\/\/pag-tech.ch\/fr\/wp-json\/wp\/v2\/pages\/1218"}],"collection":[{"href":"https:\/\/pag-tech.ch\/fr\/wp-json\/wp\/v2\/pages"}],"about":[{"href":"https:\/\/pag-tech.ch\/fr\/wp-json\/wp\/v2\/types\/page"}],"author":[{"embeddable":true,"href":"https:\/\/pag-tech.ch\/fr\/wp-json\/wp\/v2\/users\/1"}],"replies":[{"embeddable":true,"href":"https:\/\/pag-tech.ch\/fr\/wp-json\/wp\/v2\/comments?post=1218"}],"version-history":[{"count":10,"href":"https:\/\/pag-tech.ch\/fr\/wp-json\/wp\/v2\/pages\/1218\/revisions"}],"predecessor-version":[{"id":2583,"href":"https:\/\/pag-tech.ch\/fr\/wp-json\/wp\/v2\/pages\/1218\/revisions\/2583"}],"wp:attachment":[{"href":"https:\/\/pag-tech.ch\/fr\/wp-json\/wp\/v2\/media?parent=1218"}],"curies":[{"name":"wp","href":"https:\/\/api.w.org\/{rel}","templated":true}]}}