{"id":2119,"date":"2022-01-31T08:42:44","date_gmt":"2022-01-31T08:42:44","guid":{"rendered":"https:\/\/pag-tech.ch\/fr\/?page_id=2119"},"modified":"2022-02-23T09:30:07","modified_gmt":"2022-02-23T09:30:07","slug":"spezialreiniger122","status":"publish","type":"page","link":"https:\/\/pag-tech.ch\/fr\/spezialreiniger122\/","title":{"rendered":"SPEZIALREINIGER122"},"content":{"rendered":"<p>[et_pb_section fb_built=&#8220;1&#8243; _builder_version=&#8220;4.14.1&#8243; _module_preset=&#8220;default&#8220; background_enable_color=&#8220;off&#8220; background_enable_image=&#8220;off&#8220; global_colors_info=&#8220;{}&#8220;][et_pb_row column_structure=&#8220;1_4,1_2,1_4&#8243; _builder_version=&#8220;4.14.1&#8243; _module_preset=&#8220;default&#8220; background_color=&#8220;#0073D1&#8243; custom_margin=&#8220;10px||||false|false&#8220; link_option_url=&#8220;https:\/\/pag-tech.ch\/fr\/spruehgeraete122\/&#8220; global_colors_info=&#8220;{}&#8220;][et_pb_column type=&#8220;1_4&#8243; _builder_version=&#8220;4.14.1&#8243; _module_preset=&#8220;default&#8220; global_colors_info=&#8220;{}&#8220;][et_pb_image src=&#8220;https:\/\/pag-tech.ch\/fr\/wp-content\/uploads\/sites\/8\/2021\/12\/PAGIL_1200.jpg&#8220; title_text=&#8220;PAGIL_1200&#8243; show_in_lightbox=&#8220;on&#8220; _builder_version=&#8220;4.14.1&#8243; _module_preset=&#8220;default&#8220; border_color_all=&#8220;#FFE600&#8243; border_color_right=&#8220;RGBA(255,255,255,0)&#8220; border_width_left=&#8220;30px&#8220; border_color_left=&#8220;RGBA(255,255,255,0)&#8220; global_colors_info=&#8220;{}&#8220;][\/et_pb_image][\/et_pb_column][et_pb_column type=&#8220;1_2&#8243; _builder_version=&#8220;4.14.1&#8243; _module_preset=&#8220;default&#8220; global_colors_info=&#8220;{}&#8220;][et_pb_text _builder_version=&#8220;4.14.8&#8243; _module_preset=&#8220;default&#8220; background_enable_color=&#8220;off&#8220; custom_margin=&#8220;|||-56px|false|false&#8220; hover_enabled=&#8220;0&#8243; border_color_all=&#8220;#FFE600&#8243; border_width_left=&#8220;30px&#8220; border_color_left=&#8220;RGBA(255,255,255,0)&#8220; global_colors_info=&#8220;{}&#8220; sticky_enabled=&#8220;0&#8243;]<\/p>\n<p><span style=\"color: #ffffff;\"><strong>PAGIL\u00a0\u00a0<\/strong> \u00a0<strong> Produit pour \u00e9liminer le goudron \u00a0 (inflammable)<br \/><\/strong><\/span><\/p>\n<p><span style=\"color: #ffffff;\">Nettoyage des moteurs, machines, r\u00e9servoirs \u00e0 mazout, sols etc. PAGIL peut \u00eatre dilu\u00e9 avec du p\u00e9trole ou du carburant. Ne jamais dilu\u00e9 PAGIL avec de l&#8217;eau. Appliquer avec un pistolet ou un pinceau, selon le degr\u00e9 de salet\u00e9, laisser agir et laver avec un fort jet d&#8217;eau. Enl\u00e8ve: goudron \/ pr\u00e9parations bitumeuses \u00e0 des machines, des v\u00e9hicules, des pierres etc. Appliquer PAGIL, laisser agir et laver avec de l&#8217;eau. Les taches de goudron aux carrosseries etc. peuvent \u00eatre enlev\u00e9es avec un chiffon tremp\u00e9 dans PAGIL. (Sur les murs et les v\u00e9hicules tester \u00e9vent. \u00e0 un endroit non-visible; peut, \u00e0 tous moments, \u00eatre neutralis\u00e9 avec de l&#8217;eau. Toujours rincer imm\u00e9diatement afin de neutraliser.\u00a0<\/span><\/p>\n<p>[\/et_pb_text][\/et_pb_column][et_pb_column type=&#8220;1_4&#8243; _builder_version=&#8220;4.14.1&#8243; _module_preset=&#8220;default&#8220; global_colors_info=&#8220;{}&#8220;][et_pb_text _builder_version=&#8220;4.14.8&#8243; _module_preset=&#8220;default&#8220; hover_enabled=&#8220;0&#8243; global_colors_info=&#8220;{}&#8220; sticky_enabled=&#8220;0&#8243;]<\/p>\n<p><span style=\"color: #ffffff;\"><strong>1306 5\u00a0\u00a0\u00a0\u00a0<\/strong> \u00a0 1 Bidon 25 Liter<\/span><br \/><span style=\"color: #ffffff;\">\u00a0\u00a0\u00a0\u00a0\u00a0\u00a0\u00a0\u00a0\u00a0\u00a0\u00a0\u00a0\u00a0\u00a0\u00a0\u00a0\u00a0\u00a0 2 Bidons 50 Liter<\/span><\/p>\n<p><span style=\"color: #ffffff;\"><strong>1306 7<\/strong> \u00a0\u00a0\u00a0\u00a0\u00a0\u00a0 F\u00fbt 200 Liter<\/span><\/p>\n<p>[\/et_pb_text][\/et_pb_column][\/et_pb_row][et_pb_row column_structure=&#8220;1_4,1_2,1_4&#8243; _builder_version=&#8220;4.14.1&#8243; _module_preset=&#8220;default&#8220; background_color=&#8220;#E02B20&#8243; custom_margin=&#8220;10px||||false|false&#8220; link_option_url=&#8220;https:\/\/pag-tech.ch\/fr\/spruehgeraete122\/&#8220; global_colors_info=&#8220;{}&#8220;][et_pb_column type=&#8220;1_4&#8243; _builder_version=&#8220;4.14.1&#8243; _module_preset=&#8220;default&#8220; global_colors_info=&#8220;{}&#8220;][et_pb_image src=&#8220;https:\/\/pag-tech.ch\/fr\/wp-content\/uploads\/sites\/8\/2021\/12\/BETOLIT1_1200.jpg&#8220; title_text=&#8220;BETOLIT1_1200&#8243; show_in_lightbox=&#8220;on&#8220; _builder_version=&#8220;4.14.1&#8243; _module_preset=&#8220;default&#8220; border_color_all=&#8220;#FFE600&#8243; border_color_right=&#8220;RGBA(255,255,255,0)&#8220; border_width_left=&#8220;30px&#8220; border_color_left=&#8220;RGBA(255,255,255,0)&#8220; global_colors_info=&#8220;{}&#8220;][\/et_pb_image][et_pb_image src=&#8220;https:\/\/pag-tech.ch\/fr\/wp-content\/uploads\/sites\/8\/2021\/12\/BETOLIT2_1200.jpg&#8220; title_text=&#8220;BETOLIT2_1200&#8243; _builder_version=&#8220;4.14.7&#8243; _module_preset=&#8220;default&#8220; border_color_right=&#8220;RGBA(255,255,255,0)&#8220; border_width_left=&#8220;30px&#8220; border_color_left=&#8220;#E02B20&#8243; global_colors_info=&#8220;{}&#8220;][\/et_pb_image][\/et_pb_column][et_pb_column type=&#8220;1_2&#8243; _builder_version=&#8220;4.14.1&#8243; _module_preset=&#8220;default&#8220; global_colors_info=&#8220;{}&#8220;][et_pb_text _builder_version=&#8220;4.14.8&#8243; _module_preset=&#8220;default&#8220; background_enable_color=&#8220;off&#8220; custom_margin=&#8220;|||-56px|false|false&#8220; hover_enabled=&#8220;0&#8243; border_color_all=&#8220;#FFE600&#8243; border_width_left=&#8220;30px&#8220; border_color_left=&#8220;RGBA(255,255,255,0)&#8220; global_colors_info=&#8220;{}&#8220; sticky_enabled=&#8220;0&#8243;]<\/p>\n<p><span style=\"color: #ffffff;\"><strong>BETOLIT\u00a0<\/strong> \u00a0\u00a0\u00a0\u00a0Dissolvant pour le calcaire et le b\u00e9ton<\/span><\/p>\n<p><span style=\"color: #ffffff;\"><strong>Mode d&#8217;emploi:<\/strong><\/span><br \/><span style=\"color: #ffffff;\">BETOLIT dissout les d\u00e9p\u00f4ts calcaires et les restes de b\u00e9ton sur des surfaces de toutes sortes comme du fer, du m\u00e9tal l\u00e9ger, des plaques en mati\u00e8re synth\u00e9tique et des parois \u00e0 carreaux etc.<\/span><\/p>\n<p><span style=\"color: #ffffff;\">BETOLIT est aussi indispensable \u00e0 la dissolution des r\u00e9sidus des machines-outils et peut, en m\u00eame emps, \u00eatre utilis\u00e9 dans le domaine sanitaire pour enlever le calcaire des WC, des cabines de douche etc.<\/span><\/p>\n<p><span style=\"color: #ffffff;\"><strong>Dissolvant calcaire:<\/strong> BETOLIT se dilue 1:1 \u00e0 1:5 avec de l&#8217;eau selon le degr\u00e9 de calcaire et s&#8217;applique avec une \u00e9ponge ou un pinceau sur les objets \u00e0 d\u00e9tartrer.<\/span><\/p>\n<p><span style=\"color: #ffffff;\"><strong> Dissolvant pour le b\u00e9ton:<\/strong> pour enlever les restes de b\u00e9ton, utiliser BETOLIT non dilu\u00e9.<\/span><\/p>\n<p>[\/et_pb_text][\/et_pb_column][et_pb_column type=&#8220;1_4&#8243; _builder_version=&#8220;4.14.1&#8243; _module_preset=&#8220;default&#8220; global_colors_info=&#8220;{}&#8220;][et_pb_text _builder_version=&#8220;4.14.8&#8243; _module_preset=&#8220;default&#8220; hover_enabled=&#8220;0&#8243; global_colors_info=&#8220;{}&#8220; sticky_enabled=&#8220;0&#8243;]<\/p>\n<p><span style=\"color: #ffffff;\"><strong>1402 5\u00a0<\/strong> \u00a0\u00a0\u00a0\u00a0\u00a0 1 Bidon\u00a0\u00a0\u00a0\u00a0 29 kg<\/span><br \/><span style=\"color: #ffffff;\">\u00a0\u00a0\u00a0\u00a0\u00a0\u00a0\u00a0\u00a0\u00a0\u00a0\u00a0\u00a0\u00a0\u00a0\u00a0\u00a0\u00a0\u00a0\u00a0 2 Bidons\u00a0\u00a0 58 kg<\/span><br \/><span style=\"color: #ffffff;\">\u00a0\u00a0\u00a0\u00a0\u00a0\u00a0\u00a0\u00a0\u00a0\u00a0\u00a0\u00a0\u00a0\u00a0\u00a0\u00a0\u00a0\u00a0\u00a0 4 Bidons 116 kg<\/span><\/p>\n<p><span style=\"color: #ffffff;\"><strong>1402 7<\/strong> \u00a0\u00a0\u00a0\u00a0\u00a0\u00a0\u00a0 F\u00fbt 220 kg<\/span><\/p>\n<p>[\/et_pb_text][\/et_pb_column][\/et_pb_row][et_pb_row column_structure=&#8220;1_4,1_2,1_4&#8243; _builder_version=&#8220;4.14.1&#8243; _module_preset=&#8220;default&#8220; background_color=&#8220;#7CDA24&#8243; custom_margin=&#8220;10px||||false|false&#8220; link_option_url=&#8220;https:\/\/pag-tech.ch\/fr\/spruehgeraete122\/&#8220; global_colors_info=&#8220;{}&#8220;][et_pb_column type=&#8220;1_4&#8243; _builder_version=&#8220;4.14.1&#8243; _module_preset=&#8220;default&#8220; global_colors_info=&#8220;{}&#8220;][et_pb_image src=&#8220;https:\/\/pag-tech.ch\/fr\/wp-content\/uploads\/sites\/8\/2021\/12\/BETOLIT_forte_1200.jpg&#8220; title_text=&#8220;BETOLIT_forte_1200&#8243; show_in_lightbox=&#8220;on&#8220; _builder_version=&#8220;4.14.1&#8243; _module_preset=&#8220;default&#8220; border_color_all=&#8220;#FFE600&#8243; border_color_right=&#8220;RGBA(255,255,255,0)&#8220; border_width_left=&#8220;30px&#8220; border_color_left=&#8220;RGBA(255,255,255,0)&#8220; global_colors_info=&#8220;{}&#8220;][\/et_pb_image][\/et_pb_column][et_pb_column type=&#8220;1_2&#8243; _builder_version=&#8220;4.14.1&#8243; _module_preset=&#8220;default&#8220; global_colors_info=&#8220;{}&#8220;][et_pb_text _builder_version=&#8220;4.14.8&#8243; _module_preset=&#8220;default&#8220; background_enable_color=&#8220;off&#8220; custom_margin=&#8220;|||-56px|false|false&#8220; hover_enabled=&#8220;0&#8243; border_color_all=&#8220;#FFE600&#8243; border_width_left=&#8220;30px&#8220; border_color_left=&#8220;RGBA(255,255,255,0)&#8220; global_colors_info=&#8220;{}&#8220; sticky_enabled=&#8220;0&#8243;]<\/p>\n<p><span style=\"color: #000000;\"><strong>BETOLIT forte\u00a0\u00a0<\/strong>\u00a0\u00a0\u00a0<strong>Dissolvant pour le b\u00e9ton et d\u00e9rouillant<\/strong><\/span><\/p>\n<p>BETOLIT forte enl\u00e8ve le ciment et le b\u00e9ton de tous les mat\u00e9riaux et b\u00e2timents etc. N&#8217;attaque pas les m\u00e9taux et les peintures en couleurs. BETOLIT forte contient des inhibiteurs, qui emp\u00eachent que les m\u00e9taux soient attaqu\u00e9s. BETOLIT orte est employ\u00e9 par immersion dilu\u00e9 1:1 (en cuve plastique).<\/p>\n<p>BETOLIT forte pour d\u00e9rouiller, badigeonner non-dilu\u00e9, apr\u00e8s dissolution de la rouille, essuyer le surplus des acides et laisser s\u00e9cher. Ne pas laver avec de l&#8217;eau. Mesures de protection: Porter des lunettes de protection et des gants de caoutchouc. En cas de contact avec les yeux ou la peau rincer imm\u00e9diatement \u00e0 grande eau. Evt. consulter un m\u00e9dicin.<\/p>\n<p>[\/et_pb_text][\/et_pb_column][et_pb_column type=&#8220;1_4&#8243; _builder_version=&#8220;4.14.1&#8243; _module_preset=&#8220;default&#8220; global_colors_info=&#8220;{}&#8220;][et_pb_text _builder_version=&#8220;4.14.8&#8243; _module_preset=&#8220;default&#8220; hover_enabled=&#8220;0&#8243; global_colors_info=&#8220;{}&#8220; sticky_enabled=&#8220;0&#8243;]<\/p>\n<p><strong>1404 5\u00a0<\/strong> \u00a0\u00a0\u00a0\u00a0\u00a0 1 Bidon\u00a0\u00a0\u00a0\u00a0 29 kg<br \/>\u00a0\u00a0\u00a0\u00a0\u00a0\u00a0\u00a0\u00a0\u00a0\u00a0\u00a0\u00a0\u00a0\u00a0\u00a0\u00a0\u00a0\u00a0\u00a0 3 Bidons\u00a0\u00a0 87 kg<\/p>\n<p><strong>1404 7<\/strong> \u00a0\u00a0\u00a0\u00a0\u00a0\u00a0\u00a0 F\u00fbt 230 kg<\/p>\n<p>[\/et_pb_text][\/et_pb_column][\/et_pb_row][et_pb_row column_structure=&#8220;1_4,1_2,1_4&#8243; _builder_version=&#8220;4.14.1&#8243; _module_preset=&#8220;default&#8220; background_color=&#8220;#cccccc&#8220; custom_margin=&#8220;10px||||false|false&#8220; link_option_url=&#8220;https:\/\/pag-tech.ch\/fr\/spruehgeraete122\/&#8220; global_colors_info=&#8220;{}&#8220;][et_pb_column type=&#8220;1_4&#8243; _builder_version=&#8220;4.14.1&#8243; _module_preset=&#8220;default&#8220; global_colors_info=&#8220;{}&#8220;][et_pb_image src=&#8220;https:\/\/pag-tech.ch\/fr\/wp-content\/uploads\/sites\/8\/2021\/12\/WC_1200.jpg&#8220; title_text=&#8220;WC_1200&#8243; show_in_lightbox=&#8220;on&#8220; _builder_version=&#8220;4.14.1&#8243; _module_preset=&#8220;default&#8220; border_color_all=&#8220;#FFE600&#8243; border_color_right=&#8220;RGBA(255,255,255,0)&#8220; border_width_left=&#8220;30px&#8220; border_color_left=&#8220;RGBA(255,255,255,0)&#8220; global_colors_info=&#8220;{}&#8220;][\/et_pb_image][\/et_pb_column][et_pb_column type=&#8220;1_2&#8243; _builder_version=&#8220;4.14.1&#8243; _module_preset=&#8220;default&#8220; global_colors_info=&#8220;{}&#8220;][et_pb_text _builder_version=&#8220;4.14.8&#8243; _module_preset=&#8220;default&#8220; background_enable_color=&#8220;off&#8220; custom_margin=&#8220;|||-56px|false|false&#8220; hover_enabled=&#8220;0&#8243; border_color_all=&#8220;#FFE600&#8243; border_width_left=&#8220;30px&#8220; border_color_left=&#8220;RGBA(255,255,255,0)&#8220; global_colors_info=&#8220;{}&#8220; sticky_enabled=&#8220;0&#8243;]<\/p>\n<p><span style=\"color: #000000;\"><strong>DETEX\u00a0 <\/strong>\u00a0\u00a0 <strong>D\u00e9tartrant rapide<\/strong><\/span><\/p>\n<p>DETEX dissout parfaitement et rapidement les d\u00e9p\u00f4ts de calcaire et le tartre de tous les appareils \u00e0 eau chaude, les chauffes-eau, les humidificateurs etc. Diluer DETEX 1:1 \u00e0 1:3 avec de l&#8217;eau selon le degr\u00e9 de calcaire et employ\u00e9 par immersion ou par proc\u00e9d\u00e9 circulatoire. DETEX est tr\u00e8s concentr\u00e9, donc utiliser avec pr\u00e9caution (tester \u00e9vent. \u00e0 un endroit non-visuel) peut \u00eatre neutralis\u00e9 imm\u00e9diatement avec de l&#8217;eau. Temp\u00e9rature pas en-dessus de 40\u00b0 C. DETEX prot\u00e8ge les m\u00e9taux (inhibiteurs contre la corrosion) mais quand m\u00eame ne pas utiliser des r\u00e9cipients en zinc.<\/p>\n<p><strong>Mesures de protection:<\/strong> En cas de contact avec la peau et les yeux rincer imm\u00e9diatement \u00e0 grande eau.<\/p>\n<p>[\/et_pb_text][\/et_pb_column][et_pb_column type=&#8220;1_4&#8243; _builder_version=&#8220;4.14.1&#8243; _module_preset=&#8220;default&#8220; global_colors_info=&#8220;{}&#8220;][et_pb_text _builder_version=&#8220;4.14.7&#8243; _module_preset=&#8220;default&#8220; global_colors_info=&#8220;{}&#8220;]<\/p>\n<p><strong>1402 5\u00a0<\/strong> \u00a0\u00a0\u00a0\u00a0\u00a0 1 Bidon\u00a0\u00a0\u00a0\u00a0 25 kg<br \/><strong>1406 5<\/strong> \u00a0\u00a0\u00a0\u00a0\u00a0\u00a0 2 Bidons\u00a0\u00a0 50 kg<br \/><strong>1406 5 \u00a0<\/strong> \u00a0\u00a0\u00a0\u00a0 4 Bidons 100 kg<\/p>\n<p>[\/et_pb_text][\/et_pb_column][\/et_pb_row][et_pb_row column_structure=&#8220;1_4,1_2,1_4&#8243; _builder_version=&#8220;4.14.1&#8243; _module_preset=&#8220;default&#8220; background_color=&#8220;#1eb265&#8243; custom_margin=&#8220;10px||||false|false&#8220; link_option_url=&#8220;https:\/\/pag-tech.ch\/fr\/spruehgeraete122\/&#8220; global_colors_info=&#8220;{}&#8220;][et_pb_column type=&#8220;1_4&#8243; _builder_version=&#8220;4.14.1&#8243; _module_preset=&#8220;default&#8220; global_colors_info=&#8220;{}&#8220;][et_pb_image src=&#8220;https:\/\/pag-tech.ch\/fr\/wp-content\/uploads\/sites\/8\/2022\/01\/dexal1-1.jpg&#8220; title_text=&#8220;dexal1&#8243; show_in_lightbox=&#8220;on&#8220; _builder_version=&#8220;4.14.7&#8243; _module_preset=&#8220;default&#8220; border_color_all=&#8220;#FFE600&#8243; border_color_right=&#8220;RGBA(255,255,255,0)&#8220; border_width_left=&#8220;30px&#8220; border_color_left=&#8220;RGBA(255,255,255,0)&#8220; global_colors_info=&#8220;{}&#8220;][\/et_pb_image][\/et_pb_column][et_pb_column type=&#8220;1_2&#8243; _builder_version=&#8220;4.14.1&#8243; _module_preset=&#8220;default&#8220; global_colors_info=&#8220;{}&#8220;][et_pb_text _builder_version=&#8220;4.14.8&#8243; _module_preset=&#8220;default&#8220; background_enable_color=&#8220;off&#8220; custom_margin=&#8220;|||-56px|false|false&#8220; hover_enabled=&#8220;0&#8243; border_color_all=&#8220;#FFE600&#8243; border_width_left=&#8220;30px&#8220; border_color_left=&#8220;RGBA(255,255,255,0)&#8220; global_colors_info=&#8220;{}&#8220; sticky_enabled=&#8220;0&#8243;]<\/p>\n<p><span style=\"color: #000000;\"><strong>DEXAL\u00a0 <\/strong>\u00a0\u00a0 <strong>D\u00e9tergent alcalin concentr\u00e9<\/strong><br \/><\/span><\/p>\n<p>DEXAL convient parfaitement comme suppl\u00e9ment de lavage en appareil \u00e0 haute pression, mais aussi pour tous les autres travaux de nettoyage.<\/p>\n<p>Dissout, gr\u00e2ce \u00e0 son alcal\u00e9it\u00e9, toutes les graisses et les huiles ainsi que la suie. N&#8217;attaque pas l&#8217;aluminium, les laques et les joints. Pour tous les travaux de nettoyage, selon la salet\u00e9, pur ou dilu\u00e9 1:1, \u00e0 remplir dans des r\u00e9cipients \u00e0 lessives. DEXAL peut \u00eatre utiliser, aussi bien du c\u00f4t\u00e9 aspiration avec haute pression que du c\u00f4t\u00e9 pression en pression r\u00e9duite. Comme d\u00e9tergent tr\u00e8s efficace pour b\u00e2ches, diluer DEXAL 1:1 resp. 1:2. Le &#8222;laisser agir&#8220;du produit r\u00e9pandu sous pression r\u00e9duite augmente l&#8217;effet du nettoyage.<\/p>\n<p>&nbsp;<\/p>\n<p>[\/et_pb_text][\/et_pb_column][et_pb_column type=&#8220;1_4&#8243; _builder_version=&#8220;4.14.1&#8243; _module_preset=&#8220;default&#8220; global_colors_info=&#8220;{}&#8220;][et_pb_text _builder_version=&#8220;4.14.8&#8243; _module_preset=&#8220;default&#8220; hover_enabled=&#8220;0&#8243; global_colors_info=&#8220;{}&#8220; sticky_enabled=&#8220;0&#8243;]<\/p>\n<p><strong>1211 5\u00a0<\/strong> \u00a0\u00a0\u00a0\u00a0\u00a0 1\u00a0 Bidon\u00a0\u00a0\u00a0\u00a0 29 kg<br \/><strong>\u00a0\u00a0\u00a0\u00a0\u00a0\u00a0\u00a0\u00a0\u00a0\u00a0\u00a0\u00a0 <\/strong> \u00a0\u00a0\u00a0\u00a0\u00a0\u00a0 2 Bidons\u00a0 \u00a0 58 kg<br \/>\u00a0\u00a0\u00a0\u00a0\u00a0\u00a0\u00a0\u00a0\u00a0\u00a0\u00a0\u00a0\u00a0\u00a0\u00a0\u00a0\u00a0\u00a0\u00a0 4 Bidons\u00a0 116 kg<\/p>\n<p><strong>1211 7 \u00a0<\/strong> \u00a0\u00a0\u00a0\u00a0 1 F\u00fbt 230 kg<\/p>\n<p>[\/et_pb_text][\/et_pb_column][\/et_pb_row][et_pb_row column_structure=&#8220;1_4,1_2,1_4&#8243; _builder_version=&#8220;4.14.1&#8243; _module_preset=&#8220;default&#8220; background_enable_color=&#8220;off&#8220; custom_margin=&#8220;10px||||false|false&#8220; link_option_url=&#8220;https:\/\/pag-tech.ch\/fr\/spruehgeraete122\/&#8220; border_width_all=&#8220;2px&#8220; global_colors_info=&#8220;{}&#8220;][et_pb_column type=&#8220;1_4&#8243; _builder_version=&#8220;4.14.1&#8243; _module_preset=&#8220;default&#8220; global_colors_info=&#8220;{}&#8220;][et_pb_image src=&#8220;https:\/\/pag-tech.ch\/fr\/wp-content\/uploads\/sites\/8\/2022\/01\/aluperl1.jpg&#8220; title_text=&#8220;aluperl1&#8243; show_in_lightbox=&#8220;on&#8220; _builder_version=&#8220;4.14.7&#8243; _module_preset=&#8220;default&#8220; border_color_all=&#8220;#FFE600&#8243; border_color_right=&#8220;RGBA(255,255,255,0)&#8220; border_width_left=&#8220;30px&#8220; border_color_left=&#8220;RGBA(255,255,255,0)&#8220; global_colors_info=&#8220;{}&#8220;][\/et_pb_image][\/et_pb_column][et_pb_column type=&#8220;1_2&#8243; _builder_version=&#8220;4.14.1&#8243; _module_preset=&#8220;default&#8220; global_colors_info=&#8220;{}&#8220;][et_pb_text _builder_version=&#8220;4.14.8&#8243; _module_preset=&#8220;default&#8220; background_enable_color=&#8220;off&#8220; custom_margin=&#8220;|||-56px|false|false&#8220; hover_enabled=&#8220;0&#8243; border_color_all=&#8220;#FFE600&#8243; border_width_left=&#8220;30px&#8220; border_color_left=&#8220;RGBA(255,255,255,0)&#8220; global_colors_info=&#8220;{}&#8220; sticky_enabled=&#8220;0&#8243;]<\/p>\n<p><span style=\"color: #000000;\"><strong>ALUPERL<\/strong> \u00a0\u00a0 <strong>D\u00e9tergent pour l&#8217;aluminium<\/strong><br \/><\/span><\/p>\n<p>ALUPERL peut, selon la salet\u00e9 \u00eatre dilu\u00e9 jusqu&#8217;\u00e0 1:5 avec de l&#8217;eau. Gicler ALUPERL de bas en haut ou \u00e9taler avec un pinceau, laisser agir bri\u00e8vement et \u00e9ventuellement nettoyer apr\u00e8s-coup avec une brosse ou une \u00e9ponge, ensuite rincer avec beaucoup d&#8217;eau et si possible \u00e0 haute pression. Est aussi appropri\u00e9 pour l&#8217;immersion. Attention en cas de surfaces anodis\u00e9es. Eviter l&#8217;influence du soleil.<\/p>\n<p><strong>Mesures de protection:<\/strong> Porter des lunettes de protection. En cas de contact avec les yeux ou la peau rincer imm\u00e9diatement avec beaucoup d&#8217;eau.<\/p>\n<p>&nbsp;<\/p>\n<p>[\/et_pb_text][\/et_pb_column][et_pb_column type=&#8220;1_4&#8243; _builder_version=&#8220;4.14.1&#8243; _module_preset=&#8220;default&#8220; global_colors_info=&#8220;{}&#8220;][et_pb_text _builder_version=&#8220;4.14.7&#8243; _module_preset=&#8220;default&#8220; global_colors_info=&#8220;{}&#8220;]<\/p>\n<p><strong>1410 3\u00a0<\/strong> \u00a0\u00a0\u00a0\u00a0\u00a0 1\u00a0 Bidon\u00a0\u00a0\u00a0\u00a0 12 kg<br \/><strong>1410 5 \u00a0\u00a0\u00a0\u00a0\u00a0\u00a0 1<\/strong> Bidons\u00a0 \u00a0 29 kg<br \/>\u00a0\u00a0\u00a0\u00a0\u00a0\u00a0\u00a0\u00a0\u00a0\u00a0\u00a0\u00a0\u00a0\u00a0\u00a0\u00a0\u00a0\u00a0\u00a0 2 Bidons\u00a0\u00a0\u00a0 58 kg<\/p>\n<p><strong>1410 7 \u00a0<\/strong> \u00a0\u00a0\u00a0\u00a0 1 Fass 220 kg<\/p>\n<p>[\/et_pb_text][\/et_pb_column][\/et_pb_row][et_pb_row column_structure=&#8220;1_4,1_2,1_4&#8243; _builder_version=&#8220;4.14.1&#8243; _module_preset=&#8220;default&#8220; background_enable_color=&#8220;off&#8220; custom_margin=&#8220;10px||||false|false&#8220; link_option_url=&#8220;https:\/\/pag-tech.ch\/fr\/spruehgeraete122\/&#8220; border_width_all=&#8220;2px&#8220; global_colors_info=&#8220;{}&#8220;][et_pb_column type=&#8220;1_4&#8243; _builder_version=&#8220;4.14.1&#8243; _module_preset=&#8220;default&#8220; global_colors_info=&#8220;{}&#8220;][et_pb_image src=&#8220;https:\/\/pag-tech.ch\/fr\/wp-content\/uploads\/sites\/8\/2022\/01\/aluperl1.jpg&#8220; title_text=&#8220;aluperl1&#8243; show_in_lightbox=&#8220;on&#8220; _builder_version=&#8220;4.14.7&#8243; _module_preset=&#8220;default&#8220; border_color_all=&#8220;#FFE600&#8243; border_color_right=&#8220;RGBA(255,255,255,0)&#8220; border_width_left=&#8220;30px&#8220; border_color_left=&#8220;RGBA(255,255,255,0)&#8220; global_colors_info=&#8220;{}&#8220;][\/et_pb_image][\/et_pb_column][et_pb_column type=&#8220;1_2&#8243; _builder_version=&#8220;4.14.1&#8243; _module_preset=&#8220;default&#8220; global_colors_info=&#8220;{}&#8220;][et_pb_text _builder_version=&#8220;4.14.8&#8243; _module_preset=&#8220;default&#8220; background_enable_color=&#8220;off&#8220; custom_margin=&#8220;|||-56px|false|false&#8220; hover_enabled=&#8220;0&#8243; border_color_all=&#8220;#FFE600&#8243; border_width_left=&#8220;30px&#8220; border_color_left=&#8220;RGBA(255,255,255,0)&#8220; global_colors_info=&#8220;{}&#8220; sticky_enabled=&#8220;0&#8243;]<\/p>\n<p><span style=\"color: #808080;\"><span style=\"color: #000000;\"><strong>ALUPERL\u00a0 2 : 1<\/strong> \u00a0\u00a0 <strong>D\u00e9tergent pour l&#8217;aluminium<\/strong><\/span><br \/><\/span><\/p>\n<p>ALUPERL 2:1 peut, selon la salet\u00e9 \u00eatre dilu\u00e9 jusqu&#8217;\u00e0 1:1 avec de l&#8217;eau. Gicler ALUPERL 2:1 de bas en haut ou \u00e9taler avec un pinceau, laisser agir bri\u00e8vement et \u00e9ventuellement nettoyer apr\u00e8s-coup avec une brosse ou une \u00e9ponge, ensuite rincer avec beaucoup d&#8217;eau et si possible \u00e0 haute pression.<\/p>\n<p>&nbsp;<\/p>\n<p>[\/et_pb_text][\/et_pb_column][et_pb_column type=&#8220;1_4&#8243; _builder_version=&#8220;4.14.1&#8243; _module_preset=&#8220;default&#8220; global_colors_info=&#8220;{}&#8220;][et_pb_text _builder_version=&#8220;4.14.8&#8243; _module_preset=&#8220;default&#8220; hover_enabled=&#8220;0&#8243; global_colors_info=&#8220;{}&#8220; sticky_enabled=&#8220;0&#8243;]<\/p>\n<p><strong>1412 5\u00a0<\/strong> \u00a0\u00a0\u00a0\u00a0\u00a0 1\u00a0 Bidon\u00a0\u00a0\u00a0\u00a0 28 kg<\/p>\n<p><strong>1412 7 \u00a0<\/strong> \u00a0\u00a0\u00a0\u00a0 1 F\u00fbt 220 kg<\/p>\n<p>[\/et_pb_text][\/et_pb_column][\/et_pb_row][\/et_pb_section]<\/p>\n","protected":false},"excerpt":{"rendered":"<p>PAGIL\u00a0\u00a0 \u00a0 Produit pour \u00e9liminer le goudron \u00a0 (inflammable) Nettoyage des moteurs, machines, r\u00e9servoirs \u00e0 mazout, sols etc. PAGIL peut \u00eatre dilu\u00e9 avec du p\u00e9trole ou du carburant. Ne jamais dilu\u00e9 PAGIL avec de l&#8217;eau. Appliquer avec un pistolet ou un pinceau, selon le degr\u00e9 de salet\u00e9, laisser agir et laver avec un fort jet [&hellip;]<\/p>\n","protected":false},"author":1,"featured_media":0,"parent":0,"menu_order":0,"comment_status":"closed","ping_status":"closed","template":"","meta":{"_et_pb_use_builder":"on","_et_pb_old_content":"","_et_gb_content_width":"","footnotes":""},"_links":{"self":[{"href":"https:\/\/pag-tech.ch\/fr\/wp-json\/wp\/v2\/pages\/2119"}],"collection":[{"href":"https:\/\/pag-tech.ch\/fr\/wp-json\/wp\/v2\/pages"}],"about":[{"href":"https:\/\/pag-tech.ch\/fr\/wp-json\/wp\/v2\/types\/page"}],"author":[{"embeddable":true,"href":"https:\/\/pag-tech.ch\/fr\/wp-json\/wp\/v2\/users\/1"}],"replies":[{"embeddable":true,"href":"https:\/\/pag-tech.ch\/fr\/wp-json\/wp\/v2\/comments?post=2119"}],"version-history":[{"count":14,"href":"https:\/\/pag-tech.ch\/fr\/wp-json\/wp\/v2\/pages\/2119\/revisions"}],"predecessor-version":[{"id":2690,"href":"https:\/\/pag-tech.ch\/fr\/wp-json\/wp\/v2\/pages\/2119\/revisions\/2690"}],"wp:attachment":[{"href":"https:\/\/pag-tech.ch\/fr\/wp-json\/wp\/v2\/media?parent=2119"}],"curies":[{"name":"wp","href":"https:\/\/api.w.org\/{rel}","templated":true}]}}